{"id":6,"date":"2016-09-22T18:14:04","date_gmt":"2016-09-22T16:14:04","guid":{"rendered":"http:\/\/knoblauchprinzessin.f-site.ch\/?page_id=6"},"modified":"2016-09-22T18:14:04","modified_gmt":"2016-09-22T16:14:04","slug":"liebesroman-m-w-fischer-wohin-der-wind-uns-traegt","status":"publish","type":"page","link":"https:\/\/mwfischer.ch\/wohinderwindunstraegt\/","title":{"rendered":"Wohin der Wind uns tr\u00e4gt"},"content":{"rendered":"<p>\t\t<a href=\"http:\/\/amzn.to\/2iU7pQr\" target=\"_self\" role=\"button\" rel=\"noopener\"><br \/>\n\t\t\t\t\t\tSofort weiter zur Buchseite<br \/>\n\t\t<\/a><\/p>\n<blockquote>\n<h3>Nur wer die Vergangenheit kennt, hat eine Zukunft.<br \/>\n\u2014 Wilhelm von Humbold<\/h3>\n<\/blockquote>\n<p><a href=\"http:\/\/amzn.to\/2iU7pQr\" target=\"_blank\" rel=\"noopener\"><img fetchpriority=\"high\" decoding=\"async\" src=\"https:\/\/mwfischer.ch\/wohinderwindunstraegt\/wp-content\/uploads\/sites\/2\/2016\/09\/wohin-der-wind-uns-traegt-marketing1-1024x576.jpg\" alt=\"\" width=\"840\" height=\"473\" \/><\/a><\/p>\n<h2>Klappentext:<\/h2>\n<p>Die 21-j\u00e4hrige Sarah hat in ihrem Leben bisher noch nicht viel auf die Reihe bekommen. Sie lebt bei ihrer Gro\u00dfmutter Emily und schl\u00e4gt sich mit Gelegenheitsjobs durch. Ihren Traum, Innenarchitektin zu werden, hat sie schon fast vergessen.<\/p>\n<p>Das \u00e4ndert sich, als sie Ashton kennenlernt, einen gutaussehenden angehenden Anwalt. Er motiviert sie, sich f\u00fcr ein Studium zu bewerben. Doch wird Ashton auch dann noch zu ihr halten, wenn er von ihren Panikattacken und ihrer Vergangenheit erf\u00e4hrt? Schon bald muss Sarah erkennen, dass ihr neuer Freund ein d\u00fcsteres Geheimnis verbirgt \u2026<\/p>\n<h3>Das Buch:<\/h3>\n<ul>\n<li><strong>Autor:<\/strong> M. W. Fischer<\/li>\n<li><strong>Verlag:<\/strong> Forever by Ullstein<\/li>\n<li><strong>E-Book:<\/strong> 392 Seiten<\/li>\n<li><strong>Taschenbuch:<\/strong> 420 Seiten<\/li>\n<li>Ver\u00f6ffentlichung: 13. Januar 2017, <a href=\"http:\/\/amzn.to\/2oqeLjp\" target=\"_blank\" rel=\"noopener\">jetzt downloaden<\/a>.<\/li>\n<\/ul>\n<h3>Meinungen:<\/h3>\n<ul>\n<li>Rezensionen auf <a href=\"https:\/\/www.lovelybooks.de\/autor\/M.-W.-Fischer\/Wohin-der-Wind-uns-tr%C3%A4gt-1411963766-w\/\">Lovelybooks<\/a><\/li>\n<li>Rezensionen auf <a href=\"http:\/\/amzn.to\/2oXv3Bh\">Amazon<\/a><\/li>\n<\/ul>\n<p>\t\t\t\t<a href=\"http:\/\/amzn.to\/2oqeLjp\" target=\"_self\" rel=\"noopener\"><br \/>\n\t\t\t\t<img decoding=\"async\" src=\"https:\/\/mwfischer.ch\/wohinderwindunstraegt\/wp-content\/uploads\/sites\/2\/2016\/09\/titel-cover-teaser-300x300.jpg\" alt=\"titel-cover-teaser\" height=\"300\" width=\"300\" \/><br \/>\n\t\t\t\t<\/a><br \/>\n\t\t\t\t<a href=\"http:\/\/amzn.to\/2oq5TKS\" target=\"_blank\" rel=\"noopener\"><br \/>\n\t\t\t\t<img decoding=\"async\" src=\"https:\/\/mwfischer.ch\/wohinderwindunstraegt\/wp-content\/uploads\/sites\/2\/2016\/09\/thickbookleft_1344x1566-257x300.png\" alt=\"thickbookleft_1344x1566\" height=\"300\" width=\"257\" \/><br \/>\n\t\t\t\t<\/a><\/p>\n<h3>Lieber ein Taschenbuch?<\/h3>\n<p>Mit der ISBN-Nr. 978-3 741 884 061 k\u00f6nnen Sie das Taschenbuch in den meisten Online-Shops wie Thalia, Hugendubel, buch.ch und nat\u00fcrlich epubli.de finden und bestellen.<\/p>\n<p>Obwohl &#8222;Print on Demand&#8220;, dauert der Versand sogar in die Schweiz nur eine Woche.<\/p>\n<p>Preis: \u20ac12,99 \/ ca. CHF 15,00<\/p>\n<h3>Bestellinfo f\u00fcr Ihre Buchhandlung:<\/h3>\n<p>Verlag: epubli<br \/>\nAutor: M. W. Fischer<br \/>\nTitel: Wohin der Wind uns tr\u00e4gt<br \/>\nISBN: 978-3 741 884 061<\/p>\n<p>Herunterladen Produktinfo:<\/p>\n<p><a href=\"https:\/\/mwfischer.ch\/wohinderwindunstraegt\/wp-content\/uploads\/sites\/2\/2016\/09\/Produktinfo-Wohin-der-Wind-uns-traegt.pdf\" target=\"_blank\" rel=\"noopener\"><img loading=\"lazy\" decoding=\"async\" src=\"https:\/\/mwfischer.ch\/wohinderwindunstraegt\/wp-content\/uploads\/sites\/2\/2016\/09\/2017-03-13-10_25_15-Produktinfo-Wohin-der-Wind-uns-traegt.pdf-Foxit-Reader-212x300.jpg\" alt=\"\" width=\"212\" height=\"300\" \/><\/a><\/p>\n<p>\t\t\t\t<a href=\"https:\/\/autor-martin-fischer.ch\/meine-buecher\" target=\"_blank\" rel=\"noopener\"><br \/>\n\t\t\t\t<img loading=\"lazy\" decoding=\"async\" src=\"https:\/\/mwfischer.ch\/wohinderwindunstraegt\/wp-content\/uploads\/sites\/2\/2016\/09\/wohin-der-wind-uns-traegt-marketing2-1024x576.jpg\" alt=\"wohin-der-wind-uns-traegt-marketing2\" height=\"295\" width=\"525\" \/><br \/>\n\t\t\t\t<\/a><\/p>\n<h2>Leseprobe<\/h2>\n<p>Der Heimleiter streckte mir die Hand hin.<\/p>\n<p>Ich sah kurz auf, wendete meinen Blick aber sofort wieder ab. Seine ausgestreckte Hand ignorierte ich und klemmte meine Finger in die Ges\u00e4\u00dftaschen meiner Jeans. So stand ich vor Mr Topolski und wartete darauf, bis ich endlich rauskonnte. Raus aus dem Gef\u00e4ngnis, das sich <em>Orville Prince Correction School<\/em> nannte und nichts anderes als eine Erziehungsanstalt f\u00fcr straff\u00e4llige Jugendliche war.<\/p>\n<p>Topolski zog seine Hand zur\u00fcck. \u00bbIch war mir sicher, dass du zumindest die grundlegenden Anstandsregeln kapiert hast. Nun denn, deine Zeit bei uns ist um. Jetzt musst du dort drau\u00dfen anwenden, was du gelernt hast.\u00ab<\/p>\n<p>Ich blickte immer noch zur Seite und nuschelte: \u00bbWird schon schiefgeh\u2019n.\u00ab<\/p>\n<p>\u00bbSarah, schau mich an!\u00ab<\/p>\n<p>Z\u00f6gernd hob ich meine Augen und blickte ihm ausdruckslos ins Gesicht.<\/p>\n<p>\u00bbDu packst das! Glaube ganz fest daran. Du bist keine Versagerin.\u00ab Er l\u00e4chelte ermutigend. \u00bbMelde dich n\u00e4chste Woche bei deinem Bew\u00e4hrungshelfer und vereinbare einen Termin mit ihm. Sein Name ist Dwayne Hoffman. Er wird dir auch helfen, einen Job zu finden. Wenn du Probleme oder Sorgen hast, kannst du dich ihm anvertrauen. Ab jetzt ist er deine Bezugsperson.\u00ab<\/p>\n<p>Regungslos sah ich den Erzieher an.<\/p>\n<p>\u00bbOkay?\u00ab, fragte er und streckte mir beide F\u00e4uste entgegen.<\/p>\n<p>\u00bbOkay\u00ab, murmelte ich und stie\u00df meine F\u00e4uste kraftlos gegen seine.<\/p>\n<p>Er l\u00e4chelte zufrieden. \u00bbGut. Du wirst von einem Freund abgeholt?\u00ab<\/p>\n<p>Ich nickte.<\/p>\n<p>\u00bbDann mach\u2019s gut.\u00ab<\/p>\n<p>Ich zog die Jacke an, ergriff meine zwei Sporttaschen und marschierte zur T\u00fcr hinaus, die mir Topolski aufhielt.<\/p>\n<p>Hinter mir fiel das schwere, eisenbeschlagene Holztor ins Schloss.<\/p>\n<p><a href=\"http:\/\/amzn.to\/2iU7pQr\">Weiterlesen&#8230;<\/a><\/p>\n","protected":false},"excerpt":{"rendered":"<p>Sofort weiter zur Buchseite Nur wer die Vergangenheit kennt, hat eine Zukunft. \u2014 Wilhelm von Humbold Klappentext: Die 21-j\u00e4hrige Sarah hat in ihrem Leben bisher noch nicht viel auf die Reihe bekommen. Sie lebt bei ihrer Gro\u00dfmutter Emily und schl\u00e4gt sich mit Gelegenheitsjobs durch. Ihren Traum, Innenarchitektin zu werden, hat sie schon fast vergessen. Das&hellip; <a class=\"more-link\" href=\"https:\/\/mwfischer.ch\/wohinderwindunstraegt\/\"><span class=\"screen-reader-text\">Wohin der Wind uns tr\u00e4gt<\/span> weiterlesen<\/a><\/p>\n","protected":false},"author":1,"featured_media":0,"parent":0,"menu_order":0,"comment_status":"closed","ping_status":"closed","template":"","meta":{"footnotes":""},"class_list":["post-6","page","type-page","status-publish","hentry","entry"],"_links":{"self":[{"href":"https:\/\/mwfischer.ch\/wohinderwindunstraegt\/wp-json\/wp\/v2\/pages\/6","targetHints":{"allow":["GET"]}}],"collection":[{"href":"https:\/\/mwfischer.ch\/wohinderwindunstraegt\/wp-json\/wp\/v2\/pages"}],"about":[{"href":"https:\/\/mwfischer.ch\/wohinderwindunstraegt\/wp-json\/wp\/v2\/types\/page"}],"author":[{"embeddable":true,"href":"https:\/\/mwfischer.ch\/wohinderwindunstraegt\/wp-json\/wp\/v2\/users\/1"}],"replies":[{"embeddable":true,"href":"https:\/\/mwfischer.ch\/wohinderwindunstraegt\/wp-json\/wp\/v2\/comments?post=6"}],"version-history":[{"count":0,"href":"https:\/\/mwfischer.ch\/wohinderwindunstraegt\/wp-json\/wp\/v2\/pages\/6\/revisions"}],"wp:attachment":[{"href":"https:\/\/mwfischer.ch\/wohinderwindunstraegt\/wp-json\/wp\/v2\/media?parent=6"}],"curies":[{"name":"wp","href":"https:\/\/api.w.org\/{rel}","templated":true}]}}