{"id":9,"date":"2017-10-19T10:12:05","date_gmt":"2017-10-19T08:12:05","guid":{"rendered":"http:\/\/famous-in-la.f-site.ch\/?page_id=9"},"modified":"2022-05-30T23:06:13","modified_gmt":"2022-05-30T21:06:13","slug":"famous-in-l-a","status":"publish","type":"page","link":"https:\/\/mwfischer.ch\/famousinla\/","title":{"rendered":"Famous in L.A."},"content":{"rendered":"<p><a href=\"http:\/\/bit.ly\/famousinlaTB\" target=\"_blank\" rel=\"noopener\"><br \/>\n<img fetchpriority=\"high\" decoding=\"async\" src=\"https:\/\/mwfischer.ch\/famousinla\/wp-content\/uploads\/sites\/3\/2018\/01\/Taschenbuch-ISBN.jpg\" alt=\"Taschenbuch-ISBN Famous in L.A.\" width=\"1473\" height=\"983\" \/><br \/>\n<\/a><\/p>\n<h2>Famous in L.A. &#8211; Liebe mit Hindernissen<\/h2>\n<p><strong>Pl\u00f6tzlich Star<\/strong><\/p>\n<p>Eigentlich hat sich Amber geschworen, nie wieder auf einer B\u00fchne zu stehen. Doch nachdem ihre Freundin sie heimlich bei der Castingshow \u201eFamous in L.A.\u201c angemeldet hat, bleibt der 26-j\u00e4hrigen S\u00e4ngerin aus South Carolina keine Wahl. Der Konkurrenzkampf ist hart, aber dank ihres Talents sticht Amber aus der Masse der Bewerber hervor. Gleichzeitig entdeckt sie ihre Gef\u00fchle f\u00fcr ihren Arbeitskollegen, den Programmierer Chris. Zu sp\u00e4t bemerkt Amber, dass sich ihr neues Leben so gar nicht mit dieser Liebe vereinbaren l\u00e4sst \u2026<\/p>\n<p>Erleben Sie mit Amber Ames den Weg aus der Bedeutungslosigkeit zum gefeierten Pop-Star, wie sie, auf dem H\u00f6hepunkt angekommen, Wege finden muss, um mit ihrem neuen Leben zurecht zu kommen.<\/p>\n<p><a href=\"http:\/\/amzn.to\/2C9gWzr\">Zu den Rezensionen &#8230;<\/a><\/p>\n<h2 style=\"text-align: center;\">Leseprobe herunterladen:<\/h2>\n<p><a href=\"https:\/\/mwfischer.ch\/famousinla\/wp-content\/uploads\/sites\/3\/2017\/11\/LP_9783958182370_V01.pdf\"><img decoding=\"async\" src=\"https:\/\/mwfischer.ch\/famousinla\/wp-content\/uploads\/sites\/3\/2017\/11\/Cover-Leseprobe-Famous-in-LA-194x300.jpg\" alt=\"\" width=\"194\" height=\"300\" \/><\/a><\/p>\n<p><a role=\"button\" href=\"https:\/\/amzn.to\/3vRQ9Q7\" target=\"_blank\" rel=\"noopener\"><br \/>\nJetzt kaufen<br \/>\n<\/a><\/p>\n<h2>Die ersten S\u00e4tze<\/h2>\n<p style=\"text-align: center;\"><strong>1<\/strong><\/p>\n<p>Erin lie\u00df leise Musik laufen, kam zu mir her\u00fcber und setzte sich auf einen Barhocker. Sie trank hastig einen Schluck von dem Wasser, was ich ihr eingeschenkt hatte, und sagte mit leuchtenden Augen: \u00bbSchau mal, Amber, ich habe etwas f\u00fcr dich.\u00ab Sie beugte sich \u00fcber die Theke und angelte nach einem Flyer. \u00bbDie Casting-Show \u203aFamous in L.A.\u2039 sucht Nachwuchstalente wie dich. Der oder die Gewinnerin wird ein Star und lebt einen Monat lang in L.A., mit allem Drum und Dran. Bei den Voraussetzungen steht: \u203aDu bist zwischen achtzehn und achtundzwanzig, du kannst gut singen und performen und bist Single.\u2039 Du w\u00fcrdest also alle Bedingungen erf\u00fcllen.\u00ab<\/p>\n<p>Ich ignorierte ihren auffordernden Seitenblick und versteifte mich innerlich.<\/p>\n<p>\u00bbMelde dich an! Die Castings finden schon bald statt.\u00ab<\/p>\n<p>Ich griff nach dem Flyer und las ihn durch. Dann legte ich ihn auf die Theke zur\u00fcck und sch\u00fcttelte den Kopf. \u00bbNein, das ist nichts f\u00fcr mich. Ich will nie wieder auf einer B\u00fchne stehen und mich zum Affen machen.\u00ab<\/p>\n<h2><a href=\"https:\/\/amzn.to\/3vRQ9Q7\" target=\"_blank\" rel=\"noopener\">Laden Sie jetzt das E-Book auf Ihren Kindle:<\/a><\/h2>\n<p><a href=\"https:\/\/amzn.to\/3vRQ9Q7\"><img decoding=\"async\" class=\"alignnone wp-image-90 size-large\" src=\"https:\/\/mwfischer.ch\/famousinla\/wp-content\/uploads\/sites\/3\/2021\/05\/Famous-Steuerrad-1024x576.png\" alt=\"\" width=\"1024\" height=\"576\" srcset=\"https:\/\/mwfischer.ch\/famousinla\/wp-content\/uploads\/sites\/3\/2021\/05\/Famous-Steuerrad-1024x576.png 1024w, https:\/\/mwfischer.ch\/famousinla\/wp-content\/uploads\/sites\/3\/2021\/05\/Famous-Steuerrad-300x169.png 300w, https:\/\/mwfischer.ch\/famousinla\/wp-content\/uploads\/sites\/3\/2021\/05\/Famous-Steuerrad-768x432.png 768w, https:\/\/mwfischer.ch\/famousinla\/wp-content\/uploads\/sites\/3\/2021\/05\/Famous-Steuerrad-1536x864.png 1536w, https:\/\/mwfischer.ch\/famousinla\/wp-content\/uploads\/sites\/3\/2021\/05\/Famous-Steuerrad-678x381.png 678w, https:\/\/mwfischer.ch\/famousinla\/wp-content\/uploads\/sites\/3\/2021\/05\/Famous-Steuerrad.png 1920w\" sizes=\"(max-width: 1024px) 100vw, 1024px\" \/><\/a><\/p>\n<p>&nbsp;<\/p>\n<p>&nbsp;<\/p>\n<h2><a href=\"https:\/\/amzn.to\/3vRQ9Q7\"><img loading=\"lazy\" decoding=\"async\" class=\"alignnone wp-image-43 size-full\" src=\"https:\/\/mwfischer.ch\/famousinla\/wp-content\/uploads\/sites\/3\/2017\/11\/button1.png\" alt=\"\" width=\"213\" height=\"51\" \/><\/a><\/h2>\n<h2>Eckdaten:<\/h2>\n<p><strong>Titel<\/strong>: Famous in L.A.: Liebe mit Hindernissen<br \/>\n<strong>Autor<\/strong>: M. W. Fischer<br \/>\n<strong>Verlag<\/strong>: Ullstein Forever<br \/>\n<strong>ISBN<\/strong>: 9783958182370<\/p>\n<h2>Bezugsquellen:<\/h2>\n<p>Direkt beim <a href=\"https:\/\/www.ullstein-buchverlage.de\/nc\/buch\/details\/famous-in-la-9783958182370.html\" target=\"_blank\" rel=\"noopener\">Verlag Ullstein Forever<\/a><\/p>\n<p>Online-Shop <a href=\"https:\/\/amzn.to\/3vRQ9Q7\" target=\"_blank\" rel=\"noopener\">Amazon<\/a><\/p>\n<p>Online-Shop <a href=\"https:\/\/www.thalia.de\/shop\/home\/verknuepfung\/famous_in_l_a\/m_w_fischer\/EAN9783958189461\/ID89159250.html\" target=\"_blank\" rel=\"noopener\">Thalia<\/a><\/p>\n<p>Online-Shop <a href=\"https:\/\/www.hugendubel.de\/de\/ebook_epub\/m_w_fischer-famous_in_l_a-30884939-produkt-details.html\" target=\"_blank\" rel=\"noopener\">Hugendubel<\/a><\/p>\n<p>Online-Shop <a href=\"https:\/\/www.thalia.de\/shop\/home\/artikeldetails\/A1047798635\" target=\"_blank\" rel=\"noopener\">thalia.de<\/a><\/p>\n<p>In der Schweiz: <a href=\"https:\/\/www.orellfuessli.ch\/shop\/home\/artikeldetails\/A1047798635\" target=\"_blank\" rel=\"noopener\">Orell F\u00fcssli<\/a><\/p>\n<p>In der Schweiz: <a href=\"https:\/\/www.exlibris.ch\/de\/buecher-buch\/e-books-deutsch\/m-w-fischer\/famous-in-l-a-\/id\/9783958182370\" target=\"_blank\" rel=\"noopener\">Ex Libris<\/a><\/p>\n<p>Auch bei <a href=\"https:\/\/itunes.apple.com\/ch\/book\/famous-in-l-a\/id1316447557?mt=11&amp;ign-itsct=1316447557-1316447557&amp;ign-itscg=0176&amp;ign-mpt=uo%3D4\" target=\"_blank\" rel=\"noopener\">iTunes Books<\/a>, <a href=\"https:\/\/play.google.com\/store\/books\/details?id=Iuk_DwAAQBAJ\" target=\"_blank\" rel=\"noopener\">Google Play<\/a><\/p>\n<p>und vielen anderen<\/p>\n<h2>Zum Autor<\/h2>\n<figure id=\"attachment_57\" aria-describedby=\"caption-attachment-57\" style=\"width: 225px\" class=\"wp-caption alignnone\"><a href=\"http:\/\/forever.ullstein.de\/autor\/m-w-fischer\/\" target=\"_blank\" rel=\"noopener\"><img loading=\"lazy\" decoding=\"async\" src=\"https:\/\/mwfischer.ch\/famousinla\/wp-content\/uploads\/sites\/3\/2017\/12\/RahelMenigPhotography-72-autorenfoto-225x300.jpg\" alt=\"Bild von M. W. Fischer\" width=\"225\" height=\"300\" \/><\/a><figcaption id=\"caption-attachment-57\" class=\"wp-caption-text\">M. W. Fischer<\/figcaption><\/figure>\n<p>M. W. Fischer wurde 1962 geboren und schlug eine kaufm\u00e4nnische Laufbahn ein. Er sammelte berufliche Erfahrungen in einer therapeutischen Drogen-Reha, in Speditionsfirmen, als selbst\u00e4ndig erwerbender Treuh\u00e4nder, als Betreiber eines Ferienlagerhauses und als Personal- und Finanzchef in einem karitativen Hilfswerk mit 160 Mitarbeitenden.<\/p>\n<p>Zum Schreiben von Liebesromanen fand er im Jahr 2013, nachdem er ein erstes Lehrbuch f\u00fcr Romanautoren auf Amazons Kindle gelesen hatte, und nach und nach lernte, seine vorhandenen schriftstellerischen F\u00e4higkeiten so auszubilden, dass er im Sommer 2013 seine erste funktionierende Novelle schrieb. Insgesamt ver\u00f6ffentlichte er als Selfpublisher zwei Novellen und zwei Romane.<\/p>\n<p>\u201eFamous in L.A.\u201c ist sein sechstes Projekt und der vierte Roman. Nach mehreren Werken im Genre \u201eRomantic Suspense\u201c ist das neue Buch bei &#8222;Lovestory \u2013 grosse Gef\u00fchle\u201c angesiedelt, und wird wie das vorherige Buch von Ullstein Forever herausgebracht.<\/p>\n<p>&nbsp;<\/p>\n","protected":false},"excerpt":{"rendered":"<div class=\"mh-excerpt\"><p>Famous in L.A. &#8211; Liebe mit Hindernissen Pl\u00f6tzlich Star Eigentlich hat sich Amber geschworen, nie wieder auf einer B\u00fchne zu stehen. Doch nachdem ihre Freundin <a class=\"mh-excerpt-more\" href=\"https:\/\/mwfischer.ch\/famousinla\/\" title=\"Famous in L.A.\">[&#8230;]<\/a><\/p>\n<\/div>","protected":false},"author":1,"featured_media":0,"parent":0,"menu_order":0,"comment_status":"closed","ping_status":"closed","template":"","meta":{"footnotes":""},"class_list":["post-9","page","type-page","status-publish","hentry"],"_links":{"self":[{"href":"https:\/\/mwfischer.ch\/famousinla\/wp-json\/wp\/v2\/pages\/9","targetHints":{"allow":["GET"]}}],"collection":[{"href":"https:\/\/mwfischer.ch\/famousinla\/wp-json\/wp\/v2\/pages"}],"about":[{"href":"https:\/\/mwfischer.ch\/famousinla\/wp-json\/wp\/v2\/types\/page"}],"author":[{"embeddable":true,"href":"https:\/\/mwfischer.ch\/famousinla\/wp-json\/wp\/v2\/users\/1"}],"replies":[{"embeddable":true,"href":"https:\/\/mwfischer.ch\/famousinla\/wp-json\/wp\/v2\/comments?post=9"}],"version-history":[{"count":6,"href":"https:\/\/mwfischer.ch\/famousinla\/wp-json\/wp\/v2\/pages\/9\/revisions"}],"predecessor-version":[{"id":94,"href":"https:\/\/mwfischer.ch\/famousinla\/wp-json\/wp\/v2\/pages\/9\/revisions\/94"}],"wp:attachment":[{"href":"https:\/\/mwfischer.ch\/famousinla\/wp-json\/wp\/v2\/media?parent=9"}],"curies":[{"name":"wp","href":"https:\/\/api.w.org\/{rel}","templated":true}]}}