{"id":8,"date":"2021-02-23T22:20:11","date_gmt":"2021-02-23T21:20:11","guid":{"rendered":"https:\/\/mwfischer.ch\/dieliebeistkeinrockkonzert\/?page_id=8"},"modified":"2021-07-11T13:27:44","modified_gmt":"2021-07-11T11:27:44","slug":"klappentext","status":"publish","type":"page","link":"https:\/\/mwfischer.ch\/dieliebeistkeinrockkonzert\/","title":{"rendered":"Klappentext"},"content":{"rendered":"\r\n<figure class=\"wp-block-image size-large is-style-twentytwentyone-image-frame\"><a href=\"https:\/\/www.amazon.de\/Die-Liebe-ist-kein-Rockkonzert-ebook\/dp\/B07TRX7W3V\/ref=as_li_ss_tl?_encoding=UTF8&amp;qid=&amp;sr=&amp;linkCode=ll1&amp;tag=xkhb-21&amp;linkId=3d6ade4dd1da203dc86fb3c2278246ab&amp;language=de_DE\" target=\"_blank\" rel=\"noopener\"><img loading=\"lazy\" decoding=\"async\" class=\"aligncenter wp-image-9 size-medium\" src=\"https:\/\/mwfischer.ch\/dieliebeistkeinrockkonzert\/wp-content\/uploads\/sites\/4\/2021\/02\/BookBrushImage10-225x300.png\" alt=\"\" width=\"225\" height=\"300\" srcset=\"https:\/\/mwfischer.ch\/dieliebeistkeinrockkonzert\/wp-content\/uploads\/sites\/4\/2021\/02\/BookBrushImage10-225x300.png 225w, https:\/\/mwfischer.ch\/dieliebeistkeinrockkonzert\/wp-content\/uploads\/sites\/4\/2021\/02\/BookBrushImage10-768x1024.png 768w, https:\/\/mwfischer.ch\/dieliebeistkeinrockkonzert\/wp-content\/uploads\/sites\/4\/2021\/02\/BookBrushImage10.png 1125w\" sizes=\"auto, (max-width: 225px) 100vw, 225px\" \/><\/a>\r\n<figcaption>Die Liebe ist kein Rockkonzert, 474 S., M. W. Fischer, 2019<\/figcaption>\r\n<\/figure>\r\n\r\n\r\n\r\n<h2>Eckdaten<\/h2>\r\n<ul>\r\n<li><strong>Titel<\/strong>: Die Liebe ist kein Rockkonzert<\/li>\r\n<li><strong>Autor<\/strong>: M. W. Fischer<\/li>\r\n<li><strong>E-Book ASIN<\/strong>: B07TRX7W3V<\/li>\r\n<li><strong>Taschenbuch ISBN<\/strong>: 978-3748575559<\/li>\r\n<li><strong>Amazon-Link<\/strong>: <a href=\"https:\/\/amzn.to\/3ey7Tdm\">https:\/\/amzn.to\/3ey7Tdm<\/a><\/li>\r\n<li><strong>Taschenbuch vom Hersteller<\/strong>: <a href=\"https:\/\/mfbit.ch\/dlikr-epubli\">https:\/\/mfbit.ch\/dlikr-epubli<\/a><\/li>\r\n<li><a href=\"https:\/\/mwfischer.ch\/dieliebeistkeinrockkonzert\/wp-content\/uploads\/sites\/4\/2021\/05\/Rockkonzert-Eckdaten-zum-Ausdrucken.pdf\"><strong>Druckbare Eckdatenkarte herunterladen&#8230;<\/strong><\/a><\/li>\r\n<\/ul>\r\n<h2>Klappentext<\/h2>\r\n<p><strong>Ein vorlauter Rocks\u00e4nger begegnet zuf\u00e4lligerweise einer jungen, sch\u00fcchternen Schneiderin und bringt ihr Herz komplett aus dem Takt.<\/strong><\/p>\r\n\r\n\r\n\r\n<p><strong>W\u00e4hrend einer Zugfahrt<\/strong> trifft die junge, sch\u00fcchterne Schneiderin Stefanie auf den vorlauten Rocks\u00e4nger Marco, der sie von ihrem Fensterplatz vertreiben will. Doch als Stefanie bemerkt, was f\u00fcr ein besonderer Charakter hinter seiner rebellischen Fassade steckt, ist sie von ihm fasziniert und f\u00fchlt sich zu ihm hingezogen. Nachdem er sie auch noch \u00fcberraschend zu seinem n\u00e4chsten Konzert einl\u00e4dt, scheint alles perfekt zu sein, bis zu dem Moment, als Stefanie \u00fcberst\u00fcrzt den Konzertsaal verl\u00e4sst. Hat ihre Liebe \u00fcberhaupt eine Chance?<\/p>\r\n\r\n\r\n\r\n<p><strong>Marco hat gerade<\/strong> eine kurze Nacht nach einem Gig im Berner Lokal &#8222;Bierh\u00fcbeli&#8220; hinter sich, als er im Zug nach Z\u00fcrich einen freien Platz im Abteil mit einer sch\u00fcchternen und bieder gekleideten B\u00fccherw\u00fcrmin findet. Sie sitzt am Fenster in Fahrtrichtung und er meint, es m\u00fcsse doch ein Leichtes sein, sie von dem Platz zu vertreiben, um sich dort dem Komponieren eines neuen Songs zu widmen. Doch als er ihr das erste Mal in die Augen sieht, entdeckt er dort ein Feuer und eine innere Kraft, die ihn wie ein Projektil durchschlagen und nicht mehr loslassen. Aber sie kommen aus komplett unterschiedlichen Welten, und es braucht mehr als nur eine Einladung zu seinem n\u00e4chsten Auftritt, bis er sich ihr endlich n\u00e4hern kann. Als der Damm einmal gebrochen ist, und sich die unwahrscheinliche Liebe entwickelt, werden auch die Hindernisse immer h\u00f6her. Finden sie einen Weg zueinander, obwohl sich alles gegen sie verschworen hat?<\/p>\r\n\r\n\r\n\r\n<h3><strong>Lesermeinungen:<\/strong><\/h3>\r\n\r\n\r\n\r\n<p>&#8222;Ich bin von Anfang an mitgerissen worden, und Marco und Stefanie sind mir w\u00e4hrend des Lesens immer mehr ans Herz gewachsen.&#8220;<\/p>\r\n\r\n\r\n\r\n<p>&#8222;Ein herzliches, fantastisches Buch, auch wenn es teilweise Folter war, wie du es hinausgez\u00f6gert hast, bis sie endlich zueinander finden.&#8220;<\/p>\r\n\r\n\r\n\r\n<p>&#8222;Ein spannender Roman, welcher nicht zu schnulzig ist, jedoch Szenen beinhaltet, die zu Tr\u00e4nen r\u00fchren. Einfach ein wundervolles Werk.&#8220;<\/p>\r\n\r\n\r\n\r\n<p>&#8222;Dass du f\u00fcr Nicole ein sch\u00f6nes Ende gefunden hast, finde ich ganz toll. Ihre Geschichte, wie auch die ihrer Schwester, ist genauso herzzerrei\u00dfend, wie der Rest des Buches.&#8220;<\/p>\r\n\r\n\r\n\r\n<p>&#8222;Mit Tr\u00e4nen in den Augen lese ich die E-Mail. Das kann und darf nicht das Ende dieses Traumpaares sein. Das darf einfach nicht sein!&#8220;<\/p>\r\n\r\n\r\n\r\n<p>&#8222;Du darfst nicht zulassen, dass sie getrennt werden. Das geht einfach nicht. Bitte, bitte nicht. Herzschmerz pur. Ich w\u00fcrde am liebsten ins Buch springen und den Vater erw\u00fcrgen.&#8220;<\/p>\r\n\r\n\r\n\r\n<figure class=\"wp-block-image size-large is-style-default\"><a href=\"https:\/\/amzn.to\/3vTI9hK\" rel=\"noopener\"><img loading=\"lazy\" decoding=\"async\" class=\"alignnone wp-image-14\" src=\"https:\/\/mwfischer.ch\/dieliebeistkeinrockkonzert\/wp-content\/uploads\/sites\/4\/2021\/04\/2019-07-15-17_56_56-Starbooxx-Die-Selfpublisher-Plattform.jpg\" alt=\"\" width=\"644\" height=\"493\" srcset=\"https:\/\/mwfischer.ch\/dieliebeistkeinrockkonzert\/wp-content\/uploads\/sites\/4\/2021\/04\/2019-07-15-17_56_56-Starbooxx-Die-Selfpublisher-Plattform.jpg 644w, https:\/\/mwfischer.ch\/dieliebeistkeinrockkonzert\/wp-content\/uploads\/sites\/4\/2021\/04\/2019-07-15-17_56_56-Starbooxx-Die-Selfpublisher-Plattform-300x230.jpg 300w\" sizes=\"auto, (max-width: 644px) 100vw, 644px\" \/><\/a>\r\n\r\n<\/figure>\r\n\r\n\r\n\r\n<h2 class=\"wp-block-heading\">Taschenbuch kaufen:<\/h2>\r\n\r\n\r\n\r\n<p><strong>Bestellen \u00fcber jede Buchhandlung<\/strong><br \/>ISBN 978-3-7485-7555-9<br \/>Autor: M. W. Fischer<br \/>Verlag: epubli<br \/>Erscheinungsjahr: 2019<\/p>\r\n<p><img loading=\"lazy\" decoding=\"async\" class=\"alignnone wp-image-22 size-large\" src=\"https:\/\/mwfischer.ch\/dieliebeistkeinrockkonzert\/wp-content\/uploads\/sites\/4\/2021\/05\/Rockkonzert-Eckdaten-zum-Ausdrucken-1024x727.jpg\" alt=\"\" width=\"750\" height=\"532\" srcset=\"https:\/\/mwfischer.ch\/dieliebeistkeinrockkonzert\/wp-content\/uploads\/sites\/4\/2021\/05\/Rockkonzert-Eckdaten-zum-Ausdrucken-1024x727.jpg 1024w, https:\/\/mwfischer.ch\/dieliebeistkeinrockkonzert\/wp-content\/uploads\/sites\/4\/2021\/05\/Rockkonzert-Eckdaten-zum-Ausdrucken-300x213.jpg 300w, https:\/\/mwfischer.ch\/dieliebeistkeinrockkonzert\/wp-content\/uploads\/sites\/4\/2021\/05\/Rockkonzert-Eckdaten-zum-Ausdrucken-768x545.jpg 768w, https:\/\/mwfischer.ch\/dieliebeistkeinrockkonzert\/wp-content\/uploads\/sites\/4\/2021\/05\/Rockkonzert-Eckdaten-zum-Ausdrucken-1536x1090.jpg 1536w, https:\/\/mwfischer.ch\/dieliebeistkeinrockkonzert\/wp-content\/uploads\/sites\/4\/2021\/05\/Rockkonzert-Eckdaten-zum-Ausdrucken-1568x1113.jpg 1568w, https:\/\/mwfischer.ch\/dieliebeistkeinrockkonzert\/wp-content\/uploads\/sites\/4\/2021\/05\/Rockkonzert-Eckdaten-zum-Ausdrucken.jpg 1747w\" sizes=\"auto, (max-width: 750px) 100vw, 750px\" \/><\/p>\r\n\r\n\r\n\r\n<h2 class=\"wp-block-heading\">Deutschland Online<\/h2>\r\n\r\n\r\n\r\n<p><a href=\"https:\/\/www.epubli.de\/shop\/buch\/Die-Liebe-ist-kein-Rockkonzert-M-W-Fischer-9783748575559\/88984\">epubli.de<\/a><\/p>\r\n\r\n\r\n\r\n<h2 class=\"wp-block-heading\">Schweiz Online<\/h2>\r\n\r\n\r\n\r\n<p><a href=\"https:\/\/www.exlibris.ch\/de\/buecher-buch\/deutschsprachige-buecher\/m-w-fischer\/die-liebe-ist-kein-rockkonzert\/id\/9783748575559\">exlibris.ch<\/a> <strong><span style=\"color: #ff0000;\">(Hammerpreis)<\/span><\/strong><\/p>\r\n<h2>E-Book Weltweit<\/h2>\r\n<p><a href=\"https:\/\/amzn.to\/3vTI9hK\">amazon.de<\/a><\/p>\r\n","protected":false},"excerpt":{"rendered":"<p>Eckdaten Titel: Die Liebe ist kein Rockkonzert Autor: M. W. Fischer E-Book ASIN: B07TRX7W3V Taschenbuch ISBN: 978-3748575559 Amazon-Link: https:\/\/amzn.to\/3ey7Tdm Taschenbuch vom Hersteller: https:\/\/mfbit.ch\/dlikr-epubli Druckbare Eckdatenkarte herunterladen&#8230; Klappentext Ein vorlauter Rocks\u00e4nger begegnet zuf\u00e4lligerweise einer jungen, sch\u00fcchternen Schneiderin und bringt ihr Herz komplett aus dem Takt. W\u00e4hrend einer Zugfahrt trifft die junge, sch\u00fcchterne Schneiderin Stefanie auf den&hellip; <a class=\"more-link\" href=\"https:\/\/mwfischer.ch\/dieliebeistkeinrockkonzert\/\"><span class=\"screen-reader-text\">Klappentext<\/span> weiterlesen<\/a><\/p>\n","protected":false},"author":1,"featured_media":0,"parent":0,"menu_order":0,"comment_status":"closed","ping_status":"closed","template":"","meta":{"footnotes":""},"class_list":["post-8","page","type-page","status-publish","hentry","entry"],"_links":{"self":[{"href":"https:\/\/mwfischer.ch\/dieliebeistkeinrockkonzert\/wp-json\/wp\/v2\/pages\/8","targetHints":{"allow":["GET"]}}],"collection":[{"href":"https:\/\/mwfischer.ch\/dieliebeistkeinrockkonzert\/wp-json\/wp\/v2\/pages"}],"about":[{"href":"https:\/\/mwfischer.ch\/dieliebeistkeinrockkonzert\/wp-json\/wp\/v2\/types\/page"}],"author":[{"embeddable":true,"href":"https:\/\/mwfischer.ch\/dieliebeistkeinrockkonzert\/wp-json\/wp\/v2\/users\/1"}],"replies":[{"embeddable":true,"href":"https:\/\/mwfischer.ch\/dieliebeistkeinrockkonzert\/wp-json\/wp\/v2\/comments?post=8"}],"version-history":[{"count":9,"href":"https:\/\/mwfischer.ch\/dieliebeistkeinrockkonzert\/wp-json\/wp\/v2\/pages\/8\/revisions"}],"predecessor-version":[{"id":27,"href":"https:\/\/mwfischer.ch\/dieliebeistkeinrockkonzert\/wp-json\/wp\/v2\/pages\/8\/revisions\/27"}],"wp:attachment":[{"href":"https:\/\/mwfischer.ch\/dieliebeistkeinrockkonzert\/wp-json\/wp\/v2\/media?parent=8"}],"curies":[{"name":"wp","href":"https:\/\/api.w.org\/{rel}","templated":true}]}}